{"id":7,"date":"2025-01-14T14:03:03","date_gmt":"2025-01-14T13:03:03","guid":{"rendered":"https:\/\/dmegawatch.com\/?page_id=7"},"modified":"2026-01-29T15:31:13","modified_gmt":"2026-01-29T14:31:13","slug":"home","status":"publish","type":"page","link":"https:\/\/dmegawatch.com\/en\/","title":{"rendered":"Home"},"content":{"rendered":"<div data-elementor-type=\"wp-post\" data-elementor-id=\"7\" class=\"elementor elementor-7\" data-elementor-post-type=\"page\">\n\t\t\t\t<div class=\"elementor-element elementor-element-06f0199 e-flex e-con-boxed e-con e-parent\" data-id=\"06f0199\" data-element_type=\"container\" data-e-type=\"container\" data-settings=\"{&quot;background_background&quot;:&quot;classic&quot;}\">\n\t\t\t\t\t<div class=\"e-con-inner\">\n\t\t\t\t<div class=\"elementor-element elementor-element-61ecabd elementor-widget elementor-widget-heading\" data-id=\"61ecabd\" data-element_type=\"widget\" data-e-type=\"widget\" data-widget_type=\"heading.default\">\n\t\t\t\t<div class=\"elementor-widget-container\">\n\t\t\t\t\t<h1 class=\"elementor-heading-title elementor-size-default\">Nos collections<\/h1>\t\t\t\t<\/div>\n\t\t\t\t<\/div>\n\t\t\t\t\t<\/div>\n\t\t\t\t<\/div>\n\t\t<div class=\"elementor-element elementor-element-dbce612 e-flex e-con-boxed e-con e-parent\" data-id=\"dbce612\" data-element_type=\"container\" data-e-type=\"container\">\n\t\t\t\t\t<div class=\"e-con-inner\">\n\t\t<div class=\"elementor-element elementor-element-d3ae289 e-con-full e-flex e-con e-child\" data-id=\"d3ae289\" data-element_type=\"container\" data-e-type=\"container\">\n\t\t\t\t<div class=\"elementor-element elementor-element-0962551 elementor-widget elementor-widget-image\" data-id=\"0962551\" data-element_type=\"widget\" data-e-type=\"widget\" data-widget_type=\"image.default\">\n\t\t\t\t<div class=\"elementor-widget-container\">\n\t\t\t\t\t\t\t\t\t\t\t\t<figure class=\"wp-caption\">\n\t\t\t\t\t\t\t\t\t\t\t<a href=\"\/en\/product\/dmw6859\/\">\n\t\t\t\t\t\t\t<img fetchpriority=\"high\" decoding=\"async\" width=\"800\" height=\"800\" src=\"https:\/\/dmegawatch.com\/wp-content\/uploads\/2026\/01\/DMW6859-acier-01.jpg\" class=\"elementor-animation-grow attachment-large size-large wp-image-382\" alt=\"\" srcset=\"https:\/\/dmegawatch.com\/wp-content\/uploads\/2026\/01\/DMW6859-acier-01.jpg 1000w, https:\/\/dmegawatch.com\/wp-content\/uploads\/2026\/01\/DMW6859-acier-01-300x300.jpg 300w, https:\/\/dmegawatch.com\/wp-content\/uploads\/2026\/01\/DMW6859-acier-01-150x150.jpg 150w, https:\/\/dmegawatch.com\/wp-content\/uploads\/2026\/01\/DMW6859-acier-01-768x768.jpg 768w, https:\/\/dmegawatch.com\/wp-content\/uploads\/2026\/01\/DMW6859-acier-01-12x12.jpg 12w, https:\/\/dmegawatch.com\/wp-content\/uploads\/2026\/01\/DMW6859-acier-01-600x600.jpg 600w, https:\/\/dmegawatch.com\/wp-content\/uploads\/2026\/01\/DMW6859-acier-01-100x100.jpg 100w\" sizes=\"(max-width: 800px) 100vw, 800px\" \/>\t\t\t\t\t\t\t\t<\/a>\n\t\t\t\t\t\t\t\t\t\t\t<figcaption class=\"widget-image-caption wp-caption-text\">DM6859<\/figcaption>\n\t\t\t\t\t\t\t\t\t\t<\/figure>\n\t\t\t\t\t\t\t\t\t<\/div>\n\t\t\t\t<\/div>\n\t\t\t\t<\/div>\n\t\t<div class=\"elementor-element elementor-element-32ed687 e-con-full e-flex e-con e-child\" data-id=\"32ed687\" data-element_type=\"container\" data-e-type=\"container\">\n\t\t\t\t<div class=\"elementor-element elementor-element-eb0aeed elementor-widget elementor-widget-image\" data-id=\"eb0aeed\" data-element_type=\"widget\" data-e-type=\"widget\" data-widget_type=\"image.default\">\n\t\t\t\t<div class=\"elementor-widget-container\">\n\t\t\t\t\t\t\t\t\t\t\t\t<figure class=\"wp-caption\">\n\t\t\t\t\t\t\t\t\t\t\t<a href=\"\/en\/product\/dmw-6853\/\">\n\t\t\t\t\t\t\t<img decoding=\"async\" width=\"800\" height=\"800\" src=\"https:\/\/dmegawatch.com\/wp-content\/uploads\/2026\/01\/DM6853-orange.01.jpg\" class=\"elementor-animation-grow attachment-large size-large wp-image-381\" alt=\"\" srcset=\"https:\/\/dmegawatch.com\/wp-content\/uploads\/2026\/01\/DM6853-orange.01.jpg 1000w, https:\/\/dmegawatch.com\/wp-content\/uploads\/2026\/01\/DM6853-orange.01-300x300.jpg 300w, https:\/\/dmegawatch.com\/wp-content\/uploads\/2026\/01\/DM6853-orange.01-150x150.jpg 150w, https:\/\/dmegawatch.com\/wp-content\/uploads\/2026\/01\/DM6853-orange.01-768x768.jpg 768w, https:\/\/dmegawatch.com\/wp-content\/uploads\/2026\/01\/DM6853-orange.01-12x12.jpg 12w, https:\/\/dmegawatch.com\/wp-content\/uploads\/2026\/01\/DM6853-orange.01-600x600.jpg 600w, https:\/\/dmegawatch.com\/wp-content\/uploads\/2026\/01\/DM6853-orange.01-100x100.jpg 100w\" sizes=\"(max-width: 800px) 100vw, 800px\" \/>\t\t\t\t\t\t\t\t<\/a>\n\t\t\t\t\t\t\t\t\t\t\t<figcaption class=\"widget-image-caption wp-caption-text\">DMW6853<\/figcaption>\n\t\t\t\t\t\t\t\t\t\t<\/figure>\n\t\t\t\t\t\t\t\t\t<\/div>\n\t\t\t\t<\/div>\n\t\t\t\t<\/div>\n\t\t<div class=\"elementor-element elementor-element-d4a80c6 e-con-full e-flex e-con e-child\" data-id=\"d4a80c6\" data-element_type=\"container\" data-e-type=\"container\">\n\t\t\t\t<div class=\"elementor-element elementor-element-42073e8 elementor-widget elementor-widget-image\" data-id=\"42073e8\" data-element_type=\"widget\" data-e-type=\"widget\" data-widget_type=\"image.default\">\n\t\t\t\t<div class=\"elementor-widget-container\">\n\t\t\t\t\t\t\t\t\t\t\t\t<figure class=\"wp-caption\">\n\t\t\t\t\t\t\t\t\t\t\t<a href=\"\/en\/product\/dmw6833\/\">\n\t\t\t\t\t\t\t<img decoding=\"async\" width=\"800\" height=\"800\" src=\"https:\/\/dmegawatch.com\/wp-content\/uploads\/2026\/01\/dmw6833-red-01.jpg\" class=\"elementor-animation-grow attachment-large size-large wp-image-531\" alt=\"\" srcset=\"https:\/\/dmegawatch.com\/wp-content\/uploads\/2026\/01\/dmw6833-red-01.jpg 800w, https:\/\/dmegawatch.com\/wp-content\/uploads\/2026\/01\/dmw6833-red-01-300x300.jpg 300w, https:\/\/dmegawatch.com\/wp-content\/uploads\/2026\/01\/dmw6833-red-01-150x150.jpg 150w, https:\/\/dmegawatch.com\/wp-content\/uploads\/2026\/01\/dmw6833-red-01-768x768.jpg 768w, https:\/\/dmegawatch.com\/wp-content\/uploads\/2026\/01\/dmw6833-red-01-12x12.jpg 12w, https:\/\/dmegawatch.com\/wp-content\/uploads\/2026\/01\/dmw6833-red-01-600x600.jpg 600w, https:\/\/dmegawatch.com\/wp-content\/uploads\/2026\/01\/dmw6833-red-01-100x100.jpg 100w\" sizes=\"(max-width: 800px) 100vw, 800px\" \/>\t\t\t\t\t\t\t\t<\/a>\n\t\t\t\t\t\t\t\t\t\t\t<figcaption class=\"widget-image-caption wp-caption-text\">DMW6833<\/figcaption>\n\t\t\t\t\t\t\t\t\t\t<\/figure>\n\t\t\t\t\t\t\t\t\t<\/div>\n\t\t\t\t<\/div>\n\t\t\t\t<\/div>\n\t\t<div class=\"elementor-element elementor-element-78eccd3 e-con-full e-flex e-con e-child\" data-id=\"78eccd3\" data-element_type=\"container\" data-e-type=\"container\">\n\t\t\t\t<div class=\"elementor-element elementor-element-d1b53d6 elementor-widget elementor-widget-image\" data-id=\"d1b53d6\" data-element_type=\"widget\" data-e-type=\"widget\" data-widget_type=\"image.default\">\n\t\t\t\t<div class=\"elementor-widget-container\">\n\t\t\t\t\t\t\t\t\t\t\t\t<figure class=\"wp-caption\">\n\t\t\t\t\t\t\t\t\t\t\t<a href=\"\/en\/product\/dmw6813b\/\">\n\t\t\t\t\t\t\t<img loading=\"lazy\" decoding=\"async\" width=\"800\" height=\"800\" src=\"https:\/\/dmegawatch.com\/wp-content\/uploads\/2026\/01\/DMW6813B-black-01.jpg\" class=\"elementor-animation-grow attachment-large size-large wp-image-379\" alt=\"\" srcset=\"https:\/\/dmegawatch.com\/wp-content\/uploads\/2026\/01\/DMW6813B-black-01.jpg 1000w, https:\/\/dmegawatch.com\/wp-content\/uploads\/2026\/01\/DMW6813B-black-01-300x300.jpg 300w, https:\/\/dmegawatch.com\/wp-content\/uploads\/2026\/01\/DMW6813B-black-01-150x150.jpg 150w, https:\/\/dmegawatch.com\/wp-content\/uploads\/2026\/01\/DMW6813B-black-01-768x768.jpg 768w, https:\/\/dmegawatch.com\/wp-content\/uploads\/2026\/01\/DMW6813B-black-01-12x12.jpg 12w, https:\/\/dmegawatch.com\/wp-content\/uploads\/2026\/01\/DMW6813B-black-01-600x600.jpg 600w, https:\/\/dmegawatch.com\/wp-content\/uploads\/2026\/01\/DMW6813B-black-01-100x100.jpg 100w\" sizes=\"(max-width: 800px) 100vw, 800px\" \/>\t\t\t\t\t\t\t\t<\/a>\n\t\t\t\t\t\t\t\t\t\t\t<figcaption class=\"widget-image-caption wp-caption-text\">DMW6813B<\/figcaption>\n\t\t\t\t\t\t\t\t\t\t<\/figure>\n\t\t\t\t\t\t\t\t\t<\/div>\n\t\t\t\t<\/div>\n\t\t\t\t<\/div>\n\t\t<div class=\"elementor-element elementor-element-9dd3b26 e-con-full e-flex e-con e-child\" data-id=\"9dd3b26\" data-element_type=\"container\" data-e-type=\"container\">\n\t\t\t\t<div class=\"elementor-element elementor-element-e916efa elementor-widget elementor-widget-image\" data-id=\"e916efa\" data-element_type=\"widget\" data-e-type=\"widget\" data-widget_type=\"image.default\">\n\t\t\t\t<div class=\"elementor-widget-container\">\n\t\t\t\t\t\t\t\t\t\t\t\t<figure class=\"wp-caption\">\n\t\t\t\t\t\t\t\t\t\t\t<a href=\"\/en\/product\/dmw3857\/\">\n\t\t\t\t\t\t\t<img loading=\"lazy\" decoding=\"async\" width=\"800\" height=\"800\" src=\"https:\/\/dmegawatch.com\/wp-content\/uploads\/2026\/01\/DMW3857-blue-01.jpg\" class=\"elementor-animation-grow attachment-large size-large wp-image-367\" alt=\"\" srcset=\"https:\/\/dmegawatch.com\/wp-content\/uploads\/2026\/01\/DMW3857-blue-01.jpg 1000w, https:\/\/dmegawatch.com\/wp-content\/uploads\/2026\/01\/DMW3857-blue-01-300x300.jpg 300w, https:\/\/dmegawatch.com\/wp-content\/uploads\/2026\/01\/DMW3857-blue-01-150x150.jpg 150w, https:\/\/dmegawatch.com\/wp-content\/uploads\/2026\/01\/DMW3857-blue-01-768x768.jpg 768w, https:\/\/dmegawatch.com\/wp-content\/uploads\/2026\/01\/DMW3857-blue-01-12x12.jpg 12w, https:\/\/dmegawatch.com\/wp-content\/uploads\/2026\/01\/DMW3857-blue-01-600x600.jpg 600w, https:\/\/dmegawatch.com\/wp-content\/uploads\/2026\/01\/DMW3857-blue-01-100x100.jpg 100w\" sizes=\"(max-width: 800px) 100vw, 800px\" \/>\t\t\t\t\t\t\t\t<\/a>\n\t\t\t\t\t\t\t\t\t\t\t<figcaption class=\"widget-image-caption wp-caption-text\">DMW3857<\/figcaption>\n\t\t\t\t\t\t\t\t\t\t<\/figure>\n\t\t\t\t\t\t\t\t\t<\/div>\n\t\t\t\t<\/div>\n\t\t\t\t<\/div>\n\t\t<div class=\"elementor-element elementor-element-7f44bd3 e-con-full e-flex e-con e-child\" data-id=\"7f44bd3\" data-element_type=\"container\" data-e-type=\"container\">\n\t\t\t\t<div class=\"elementor-element elementor-element-f3f41c7 elementor-widget elementor-widget-image\" data-id=\"f3f41c7\" data-element_type=\"widget\" data-e-type=\"widget\" data-widget_type=\"image.default\">\n\t\t\t\t<div class=\"elementor-widget-container\">\n\t\t\t\t\t\t\t\t\t\t\t\t<figure class=\"wp-caption\">\n\t\t\t\t\t\t\t\t\t\t\t<a href=\"\/en\/product\/dmw3831\/\">\n\t\t\t\t\t\t\t<img loading=\"lazy\" decoding=\"async\" width=\"800\" height=\"800\" src=\"https:\/\/dmegawatch.com\/wp-content\/uploads\/2026\/01\/DMW3831-acier-01.jpg\" class=\"elementor-animation-grow attachment-large size-large wp-image-366\" alt=\"\" srcset=\"https:\/\/dmegawatch.com\/wp-content\/uploads\/2026\/01\/DMW3831-acier-01.jpg 800w, https:\/\/dmegawatch.com\/wp-content\/uploads\/2026\/01\/DMW3831-acier-01-300x300.jpg 300w, https:\/\/dmegawatch.com\/wp-content\/uploads\/2026\/01\/DMW3831-acier-01-150x150.jpg 150w, https:\/\/dmegawatch.com\/wp-content\/uploads\/2026\/01\/DMW3831-acier-01-768x768.jpg 768w, https:\/\/dmegawatch.com\/wp-content\/uploads\/2026\/01\/DMW3831-acier-01-12x12.jpg 12w, https:\/\/dmegawatch.com\/wp-content\/uploads\/2026\/01\/DMW3831-acier-01-600x600.jpg 600w, https:\/\/dmegawatch.com\/wp-content\/uploads\/2026\/01\/DMW3831-acier-01-100x100.jpg 100w\" sizes=\"(max-width: 800px) 100vw, 800px\" \/>\t\t\t\t\t\t\t\t<\/a>\n\t\t\t\t\t\t\t\t\t\t\t<figcaption class=\"widget-image-caption wp-caption-text\">DMW3831<\/figcaption>\n\t\t\t\t\t\t\t\t\t\t<\/figure>\n\t\t\t\t\t\t\t\t\t<\/div>\n\t\t\t\t<\/div>\n\t\t\t\t<\/div>\n\t\t\t\t\t<\/div>\n\t\t\t\t<\/div>\n\t\t<div class=\"elementor-element elementor-element-125d70d e-flex e-con-boxed e-con e-parent\" data-id=\"125d70d\" data-element_type=\"container\" data-e-type=\"container\">\n\t\t\t\t\t<div class=\"e-con-inner\">\n\t\t\t\t<div class=\"elementor-element elementor-element-e978148 elementor-widget-divider--view-line elementor-widget elementor-widget-divider\" data-id=\"e978148\" data-element_type=\"widget\" data-e-type=\"widget\" data-widget_type=\"divider.default\">\n\t\t\t\t<div class=\"elementor-widget-container\">\n\t\t\t\t\t\t\t<div class=\"elementor-divider\">\n\t\t\t<span class=\"elementor-divider-separator\">\n\t\t\t\t\t\t<\/span>\n\t\t<\/div>\n\t\t\t\t\t\t<\/div>\n\t\t\t\t<\/div>\n\t\t\t\t\t<\/div>\n\t\t\t\t<\/div>\n\t\t<div class=\"elementor-element elementor-element-5a6be305 e-flex e-con-boxed e-con e-parent\" data-id=\"5a6be305\" data-element_type=\"container\" data-e-type=\"container\" data-settings=\"{&quot;background_background&quot;:&quot;classic&quot;}\">\n\t\t\t\t\t<div class=\"e-con-inner\">\n\t\t<div class=\"elementor-element elementor-element-7dda71bb e-con-full e-flex e-con e-child\" data-id=\"7dda71bb\" data-element_type=\"container\" data-e-type=\"container\">\n\t\t\t\t<div class=\"elementor-element elementor-element-5ed6104 animated-slow elementor-invisible elementor-widget elementor-widget-heading\" data-id=\"5ed6104\" data-element_type=\"widget\" data-e-type=\"widget\" data-settings=\"{&quot;_animation&quot;:&quot;slideInUp&quot;}\" data-widget_type=\"heading.default\">\n\t\t\t\t<div class=\"elementor-widget-container\">\n\t\t\t\t\t<h2 class=\"elementor-heading-title elementor-size-default\">NOS CLIENTS PARLENT DE NOUS<\/h2>\t\t\t\t<\/div>\n\t\t\t\t<\/div>\n\t\t\t\t<\/div>\n\t\t<div class=\"elementor-element elementor-element-42d9d701 e-con-full e-flex e-con e-child\" data-id=\"42d9d701\" data-element_type=\"container\" data-e-type=\"container\">\n\t\t<div class=\"elementor-element elementor-element-14177a05 animated-slow e-con-full e-flex elementor-invisible e-con e-child\" data-id=\"14177a05\" data-element_type=\"container\" data-e-type=\"container\" data-settings=\"{&quot;animation&quot;:&quot;fadeInUp&quot;,&quot;animation_delay&quot;:150}\">\n\t\t\t\t<div class=\"elementor-element elementor-element-1e2d7f73 elementor--star-style-star_unicode elementor-star-rating--align-center elementor-widget elementor-widget-star-rating\" data-id=\"1e2d7f73\" data-element_type=\"widget\" data-e-type=\"widget\" data-widget_type=\"star-rating.default\">\n\t\t\t\t<div class=\"elementor-widget-container\">\n\t\t\t\t\t\t\t<div class=\"elementor-star-rating__wrapper\">\n\t\t\t\t\t\t<div class=\"elementor-star-rating\" itemtype=\"http:\/\/schema.org\/Rating\" itemscope=\"\" itemprop=\"reviewRating\">\n\t\t\t\t<i class=\"elementor-star-full\" aria-hidden=\"true\">&#9733;<\/i><i class=\"elementor-star-full\" aria-hidden=\"true\">&#9733;<\/i><i class=\"elementor-star-full\" aria-hidden=\"true\">&#9733;<\/i><i class=\"elementor-star-full\" aria-hidden=\"true\">&#9733;<\/i><i class=\"elementor-star-full\" aria-hidden=\"true\">&#9733;<\/i>\t\t\t\t<span itemprop=\"ratingValue\" class=\"elementor-screen-only\">Not\u00e9 5 sur 5<\/span>\n\t\t\t<\/div>\n\t\t<\/div>\n\t\t\t\t\t\t<\/div>\n\t\t\t\t<\/div>\n\t\t\t\t<div class=\"elementor-element elementor-element-60b29b42 elementor-widget elementor-widget-testimonial\" data-id=\"60b29b42\" data-element_type=\"widget\" data-e-type=\"widget\" data-widget_type=\"testimonial.default\">\n\t\t\t\t<div class=\"elementor-widget-container\">\n\t\t\t\t\t\t\t<div class=\"elementor-testimonial-wrapper\">\n\t\t\t\t\t\t\t<div class=\"elementor-testimonial-content\">Colis re\u00e7u tr\u00e8s rapidement, montre superbe<\/div>\n\t\t\t\n\t\t\t\t\t\t<div class=\"elementor-testimonial-meta\">\n\t\t\t\t<div class=\"elementor-testimonial-meta-inner\">\n\t\t\t\t\t\n\t\t\t\t\t\t\t\t\t\t<div class=\"elementor-testimonial-details\">\n\t\t\t\t\t\t\t\t\t\t\t\t\t\t<div class=\"elementor-testimonial-name\">Johanna<\/div>\n\t\t\t\t\t\t\t\t\t\t\t\t\t\t\t\t\t\t\t\t\t\t<div class=\"elementor-testimonial-job\">Bienne<\/div>\n\t\t\t\t\t\t\t\t\t\t\t\t\t<\/div>\n\t\t\t\t\t\t\t\t\t<\/div>\n\t\t\t<\/div>\n\t\t\t\t\t<\/div>\n\t\t\t\t\t\t<\/div>\n\t\t\t\t<\/div>\n\t\t\t\t<\/div>\n\t\t<div class=\"elementor-element elementor-element-527d5a90 animated-slow e-con-full e-flex elementor-invisible e-con e-child\" data-id=\"527d5a90\" data-element_type=\"container\" data-e-type=\"container\" data-settings=\"{&quot;animation&quot;:&quot;fadeInUp&quot;,&quot;animation_delay&quot;:150}\">\n\t\t\t\t<div class=\"elementor-element elementor-element-46f2666c elementor--star-style-star_unicode elementor-star-rating--align-center elementor-widget elementor-widget-star-rating\" data-id=\"46f2666c\" data-element_type=\"widget\" data-e-type=\"widget\" data-widget_type=\"star-rating.default\">\n\t\t\t\t<div class=\"elementor-widget-container\">\n\t\t\t\t\t\t\t<div class=\"elementor-star-rating__wrapper\">\n\t\t\t\t\t\t<div class=\"elementor-star-rating\" itemtype=\"http:\/\/schema.org\/Rating\" itemscope=\"\" itemprop=\"reviewRating\">\n\t\t\t\t<i class=\"elementor-star-full\" aria-hidden=\"true\">&#9733;<\/i><i class=\"elementor-star-full\" aria-hidden=\"true\">&#9733;<\/i><i class=\"elementor-star-full\" aria-hidden=\"true\">&#9733;<\/i><i class=\"elementor-star-full\" aria-hidden=\"true\">&#9733;<\/i><i class=\"elementor-star-full\" aria-hidden=\"true\">&#9733;<\/i>\t\t\t\t<span itemprop=\"ratingValue\" class=\"elementor-screen-only\">Not\u00e9 5 sur 5<\/span>\n\t\t\t<\/div>\n\t\t<\/div>\n\t\t\t\t\t\t<\/div>\n\t\t\t\t<\/div>\n\t\t\t\t<div class=\"elementor-element elementor-element-1b1d807 elementor-widget elementor-widget-testimonial\" data-id=\"1b1d807\" data-element_type=\"widget\" data-e-type=\"widget\" data-widget_type=\"testimonial.default\">\n\t\t\t\t<div class=\"elementor-widget-container\">\n\t\t\t\t\t\t\t<div class=\"elementor-testimonial-wrapper\">\n\t\t\t\t\t\t\t<div class=\"elementor-testimonial-content\">J'ai choisi le mod\u00e8le 6833, elle en jette.\nSuper satisfait<\/div>\n\t\t\t\n\t\t\t\t\t\t<div class=\"elementor-testimonial-meta\">\n\t\t\t\t<div class=\"elementor-testimonial-meta-inner\">\n\t\t\t\t\t\n\t\t\t\t\t\t\t\t\t\t<div class=\"elementor-testimonial-details\">\n\t\t\t\t\t\t\t\t\t\t\t\t\t\t<div class=\"elementor-testimonial-name\">Jean-ChriSTOPHE<\/div>\n\t\t\t\t\t\t\t\t\t\t\t\t\t\t\t\t\t\t\t\t\t\t<div class=\"elementor-testimonial-job\">Gen\u00e8ve<\/div>\n\t\t\t\t\t\t\t\t\t\t\t\t\t<\/div>\n\t\t\t\t\t\t\t\t\t<\/div>\n\t\t\t<\/div>\n\t\t\t\t\t<\/div>\n\t\t\t\t\t\t<\/div>\n\t\t\t\t<\/div>\n\t\t\t\t<\/div>\n\t\t<div class=\"elementor-element elementor-element-66c2ddfa animated-slow e-con-full e-flex elementor-invisible e-con e-child\" data-id=\"66c2ddfa\" data-element_type=\"container\" data-e-type=\"container\" data-settings=\"{&quot;animation&quot;:&quot;fadeInUp&quot;,&quot;animation_delay&quot;:150}\">\n\t\t\t\t<div class=\"elementor-element elementor-element-3fa14349 elementor--star-style-star_unicode elementor-star-rating--align-center elementor-widget elementor-widget-star-rating\" data-id=\"3fa14349\" data-element_type=\"widget\" data-e-type=\"widget\" data-widget_type=\"star-rating.default\">\n\t\t\t\t<div class=\"elementor-widget-container\">\n\t\t\t\t\t\t\t<div class=\"elementor-star-rating__wrapper\">\n\t\t\t\t\t\t<div class=\"elementor-star-rating\" itemtype=\"http:\/\/schema.org\/Rating\" itemscope=\"\" itemprop=\"reviewRating\">\n\t\t\t\t<i class=\"elementor-star-full\" aria-hidden=\"true\">&#9733;<\/i><i class=\"elementor-star-full\" aria-hidden=\"true\">&#9733;<\/i><i class=\"elementor-star-full\" aria-hidden=\"true\">&#9733;<\/i><i class=\"elementor-star-full\" aria-hidden=\"true\">&#9733;<\/i><i class=\"elementor-star-full\" aria-hidden=\"true\">&#9733;<\/i>\t\t\t\t<span itemprop=\"ratingValue\" class=\"elementor-screen-only\">Not\u00e9 5 sur 5<\/span>\n\t\t\t<\/div>\n\t\t<\/div>\n\t\t\t\t\t\t<\/div>\n\t\t\t\t<\/div>\n\t\t\t\t<div class=\"elementor-element elementor-element-6c12463e elementor-widget elementor-widget-testimonial\" data-id=\"6c12463e\" data-element_type=\"widget\" data-e-type=\"widget\" data-widget_type=\"testimonial.default\">\n\t\t\t\t<div class=\"elementor-widget-container\">\n\t\t\t\t\t\t\t<div class=\"elementor-testimonial-wrapper\">\n\t\t\t\t\t\t\t<div class=\"elementor-testimonial-content\">J'ai chois un mod\u00e8le femme  (3857 en blanc) en cadeau. Ma compagne a beaucoup appr\u00e9ci\u00e9, elle porte sa montre tous les jours<\/div>\n\t\t\t\n\t\t\t\t\t\t<div class=\"elementor-testimonial-meta\">\n\t\t\t\t<div class=\"elementor-testimonial-meta-inner\">\n\t\t\t\t\t\n\t\t\t\t\t\t\t\t\t\t<div class=\"elementor-testimonial-details\">\n\t\t\t\t\t\t\t\t\t\t\t\t\t\t<div class=\"elementor-testimonial-name\">Walter<\/div>\n\t\t\t\t\t\t\t\t\t\t\t\t\t\t\t\t\t\t\t\t\t\t<div class=\"elementor-testimonial-job\">Echallens<\/div>\n\t\t\t\t\t\t\t\t\t\t\t\t\t<\/div>\n\t\t\t\t\t\t\t\t\t<\/div>\n\t\t\t<\/div>\n\t\t\t\t\t<\/div>\n\t\t\t\t\t\t<\/div>\n\t\t\t\t<\/div>\n\t\t\t\t<\/div>\n\t\t<div class=\"elementor-element elementor-element-386888cd animated-slow e-con-full e-flex elementor-invisible e-con e-child\" data-id=\"386888cd\" data-element_type=\"container\" data-e-type=\"container\" data-settings=\"{&quot;animation&quot;:&quot;fadeInUp&quot;,&quot;animation_delay&quot;:150}\">\n\t\t\t\t<div class=\"elementor-element elementor-element-4e582021 elementor--star-style-star_unicode elementor-star-rating--align-center elementor-widget elementor-widget-star-rating\" data-id=\"4e582021\" data-element_type=\"widget\" data-e-type=\"widget\" data-widget_type=\"star-rating.default\">\n\t\t\t\t<div class=\"elementor-widget-container\">\n\t\t\t\t\t\t\t<div class=\"elementor-star-rating__wrapper\">\n\t\t\t\t\t\t<div class=\"elementor-star-rating\" itemtype=\"http:\/\/schema.org\/Rating\" itemscope=\"\" itemprop=\"reviewRating\">\n\t\t\t\t<i class=\"elementor-star-full\" aria-hidden=\"true\">&#9733;<\/i><i class=\"elementor-star-full\" aria-hidden=\"true\">&#9733;<\/i><i class=\"elementor-star-full\" aria-hidden=\"true\">&#9733;<\/i><i class=\"elementor-star-full\" aria-hidden=\"true\">&#9733;<\/i><i class=\"elementor-star-7\" aria-hidden=\"true\">&#9733;<\/i>\t\t\t\t<span itemprop=\"ratingValue\" class=\"elementor-screen-only\">Not\u00e9 4.7 sur 5<\/span>\n\t\t\t<\/div>\n\t\t<\/div>\n\t\t\t\t\t\t<\/div>\n\t\t\t\t<\/div>\n\t\t\t\t<div class=\"elementor-element elementor-element-b4c1f0a elementor-widget elementor-widget-testimonial\" data-id=\"b4c1f0a\" data-element_type=\"widget\" data-e-type=\"widget\" data-widget_type=\"testimonial.default\">\n\t\t\t\t<div class=\"elementor-widget-container\">\n\t\t\t\t\t\t\t<div class=\"elementor-testimonial-wrapper\">\n\t\t\t\t\t\t\t<div class=\"elementor-testimonial-content\">La DMW6859 est super classe et inspire confiance.\n\n\n<\/div>\n\t\t\t\n\t\t\t\t\t\t<div class=\"elementor-testimonial-meta\">\n\t\t\t\t<div class=\"elementor-testimonial-meta-inner\">\n\t\t\t\t\t\n\t\t\t\t\t\t\t\t\t\t<div class=\"elementor-testimonial-details\">\n\t\t\t\t\t\t\t\t\t\t\t\t\t\t<div class=\"elementor-testimonial-name\">Robert<\/div>\n\t\t\t\t\t\t\t\t\t\t\t\t\t\t\t\t\t\t\t\t\t\t<div class=\"elementor-testimonial-job\">Vevey<\/div>\n\t\t\t\t\t\t\t\t\t\t\t\t\t<\/div>\n\t\t\t\t\t\t\t\t\t<\/div>\n\t\t\t<\/div>\n\t\t\t\t\t<\/div>\n\t\t\t\t\t\t<\/div>\n\t\t\t\t<\/div>\n\t\t\t\t<\/div>\n\t\t\t\t<\/div>\n\t\t\t\t\t<\/div>\n\t\t\t\t<\/div>\n\t\t\t\t<\/div>","protected":false},"excerpt":{"rendered":"<p>Nos collections DM6859 DMW6853 DMW6833 DMW6813B DMW3857 DMW3831 NOS CLIENTS PARLENT DE NOUS &#9733;&#9733;&#9733;&#9733;&#9733; Not\u00e9 5 sur 5 Colis re\u00e7u tr\u00e8s rapidement, montre superbe Johanna Bienne &#9733;&#9733;&#9733;&#9733;&#9733; Not\u00e9 5 sur 5 J&rsquo;ai choisi le mod\u00e8le 6833, elle en jette. Super satisfait Jean-ChriSTOPHE Gen\u00e8ve &#9733;&#9733;&#9733;&#9733;&#9733; Not\u00e9 5 sur 5 J&rsquo;ai chois un mod\u00e8le femme (3857 en [&hellip;]<\/p>","protected":false},"author":1,"featured_media":0,"parent":0,"menu_order":0,"comment_status":"closed","ping_status":"closed","template":"","meta":{"footnotes":""},"class_list":["post-7","page","type-page","status-publish","hentry"],"jetpack_sharing_enabled":true,"_links":{"self":[{"href":"https:\/\/dmegawatch.com\/en\/wp-json\/wp\/v2\/pages\/7","targetHints":{"allow":["GET"]}}],"collection":[{"href":"https:\/\/dmegawatch.com\/en\/wp-json\/wp\/v2\/pages"}],"about":[{"href":"https:\/\/dmegawatch.com\/en\/wp-json\/wp\/v2\/types\/page"}],"author":[{"embeddable":true,"href":"https:\/\/dmegawatch.com\/en\/wp-json\/wp\/v2\/users\/1"}],"replies":[{"embeddable":true,"href":"https:\/\/dmegawatch.com\/en\/wp-json\/wp\/v2\/comments?post=7"}],"version-history":[{"count":96,"href":"https:\/\/dmegawatch.com\/en\/wp-json\/wp\/v2\/pages\/7\/revisions"}],"predecessor-version":[{"id":590,"href":"https:\/\/dmegawatch.com\/en\/wp-json\/wp\/v2\/pages\/7\/revisions\/590"}],"wp:attachment":[{"href":"https:\/\/dmegawatch.com\/en\/wp-json\/wp\/v2\/media?parent=7"}],"curies":[{"name":"wp","href":"https:\/\/api.w.org\/{rel}","templated":true}]}}