{"id":223,"date":"2025-03-11T14:19:37","date_gmt":"2025-03-11T13:19:37","guid":{"rendered":"https:\/\/dmegawatch.com\/?page_id=223"},"modified":"2025-03-11T14:38:06","modified_gmt":"2025-03-11T13:38:06","slug":"garantie","status":"publish","type":"page","link":"https:\/\/dmegawatch.com\/en\/garantie\/","title":{"rendered":"Garantie"},"content":{"rendered":"<div data-elementor-type=\"wp-page\" data-elementor-id=\"223\" class=\"elementor elementor-223\" data-elementor-post-type=\"page\">\n\t\t\t\t<div class=\"elementor-element elementor-element-314bd84 e-flex e-con-boxed e-con e-parent\" data-id=\"314bd84\" data-element_type=\"container\" data-e-type=\"container\">\n\t\t\t\t\t<div class=\"e-con-inner\">\n\t\t\t\t<div class=\"elementor-element elementor-element-65006af elementor-widget elementor-widget-heading\" data-id=\"65006af\" data-element_type=\"widget\" data-e-type=\"widget\" data-widget_type=\"heading.default\">\n\t\t\t\t<div class=\"elementor-widget-container\">\n\t\t\t\t\t<h2 class=\"elementor-heading-title elementor-size-default\">Garantie<\/h2>\t\t\t\t<\/div>\n\t\t\t\t<\/div>\n\t\t\t\t\t<\/div>\n\t\t\t\t<\/div>\n\t\t<div class=\"elementor-element elementor-element-81f0336 e-flex e-con-boxed e-con e-parent\" data-id=\"81f0336\" data-element_type=\"container\" data-e-type=\"container\">\n\t\t\t\t\t<div class=\"e-con-inner\">\n\t\t\t\t<div class=\"elementor-element elementor-element-fc0be60 elementor-widget elementor-widget-text-editor\" data-id=\"fc0be60\" data-element_type=\"widget\" data-e-type=\"widget\" data-widget_type=\"text-editor.default\">\n\t\t\t\t<div class=\"elementor-widget-container\">\n\t\t\t\t\t\t\t\t\t<p>La garantie internationale D MEGA WATCH couvre les d\u00e9fauts de mat\u00e9riaux et de fabrication existant au moment de l\u2019achat de la montre D MEGA WATCH achet\u00e9e (\u201cles d\u00e9fauts\u201d).<\/p><p>Pendant la dur\u00e9e de la garantie et sur pr\u00e9sentation de la preuve d\u2019achat ( facture \u00e9mise par D MEGA WATCH), le Client a droit \u00e0 ce que tout d\u00e9faut soit r\u00e9par\u00e9 gratuitement. Au cas o\u00f9 les conditions d\u2019utilisation normales du produit ne pouvaient \u00eatre r\u00e9tablies par des r\u00e9parations, D MEGA SWATCH s\u2019engage \u00e0 le remplacer par un produit similaire. La garantie du produit de remplacement \u00e9choit vingt-quatre (24) mois apr\u00e8s la date d\u2019achat du produit remplac\u00e9.<\/p><p>Cette garantie ne couvre pas :<\/p><ul><li>La dur\u00e9e de la pile;<\/li><li>-L\u2019usure normale et le vieillissement (par ex. les rayures du verre de montre; l\u2019alt\u00e9ration de la couleur et\/ou du mat\u00e9riau des bracelets et des cha\u00eenes non m\u00e9talliques, tel que cuir, plastic, textile, velcro; la desquamation du placage);<\/li><li>Les d\u00e9g\u00e2ts \u00e0 quelque partie de la montre d\u00e9coulant d\u2019une utilisation inappropri\u00e9e\/abusive, le manque de soin, la n\u00e9gligence, les accidents (coups, bosselures, \u00e9crasements, bris de la glace, etc.), l\u2019utilisation incorrecte de la montre ainsi que l\u2019inobservation du mode d\u2019emploi fourni par D MEGA SWATCH;<\/li><li>Les dommages indirects ou cons\u00e9cutifs, quels qu\u2019ils soient, r\u00e9sultant de l\u2019utilisation, du non-fonctionnement, des d\u00e9fauts ou du manque de pr\u00e9cision du produit<\/li><\/ul><p>\u00a0<\/p><p>Toutes autres pr\u00e9tentions \u00e0 l\u2019\u00e9gard de D MEGA WATCH, par ex. pour des dommages additionnels \u00e0 ceux d\u00e9finis dans la pr\u00e9sente garantie, sont express\u00e9ment exclues, \u00e0 l\u2019exception des droits imp\u00e9ratifs que le client peut faire valoir \u00e0 l\u2019encontre du fabricant.<\/p><p>Avant de renvoyer votre produit pour r\u00e9paration, merci de remplir ce formulaire et attendre de recevoir une autorisation de retour (RMA)<\/p><p>Les frais de retour sont \u00e0 la charge du Client.<\/p><p>Adresse pour les retours :<\/p><p>D-S Capital Investment S\u00e0rl<br \/>Route de Longirod<\/p><p>1100\u00a0 Gimel<\/p>\t\t\t\t\t\t\t\t<\/div>\n\t\t\t\t<\/div>\n\t\t\t\t\t<\/div>\n\t\t\t\t<\/div>\n\t\t\t\t<\/div>","protected":false},"excerpt":{"rendered":"<p>Garantie La garantie internationale D MEGA WATCH couvre les d\u00e9fauts de mat\u00e9riaux et de fabrication existant au moment de l\u2019achat de la montre D MEGA WATCH achet\u00e9e (\u201cles d\u00e9fauts\u201d). Pendant la dur\u00e9e de la garantie et sur pr\u00e9sentation de la preuve d\u2019achat ( facture \u00e9mise par D MEGA WATCH), le Client a droit \u00e0 ce [&hellip;]<\/p>","protected":false},"author":1,"featured_media":0,"parent":0,"menu_order":0,"comment_status":"closed","ping_status":"closed","template":"","meta":{"footnotes":""},"class_list":["post-223","page","type-page","status-publish","hentry"],"jetpack_sharing_enabled":true,"_links":{"self":[{"href":"https:\/\/dmegawatch.com\/en\/wp-json\/wp\/v2\/pages\/223","targetHints":{"allow":["GET"]}}],"collection":[{"href":"https:\/\/dmegawatch.com\/en\/wp-json\/wp\/v2\/pages"}],"about":[{"href":"https:\/\/dmegawatch.com\/en\/wp-json\/wp\/v2\/types\/page"}],"author":[{"embeddable":true,"href":"https:\/\/dmegawatch.com\/en\/wp-json\/wp\/v2\/users\/1"}],"replies":[{"embeddable":true,"href":"https:\/\/dmegawatch.com\/en\/wp-json\/wp\/v2\/comments?post=223"}],"version-history":[{"count":10,"href":"https:\/\/dmegawatch.com\/en\/wp-json\/wp\/v2\/pages\/223\/revisions"}],"predecessor-version":[{"id":238,"href":"https:\/\/dmegawatch.com\/en\/wp-json\/wp\/v2\/pages\/223\/revisions\/238"}],"wp:attachment":[{"href":"https:\/\/dmegawatch.com\/en\/wp-json\/wp\/v2\/media?parent=223"}],"curies":[{"name":"wp","href":"https:\/\/api.w.org\/{rel}","templated":true}]}}