{"id":135,"date":"2025-01-15T14:38:25","date_gmt":"2025-01-15T13:38:25","guid":{"rendered":"https:\/\/dmegawatch.com\/?page_id=135"},"modified":"2025-01-15T14:42:30","modified_gmt":"2025-01-15T13:42:30","slug":"polique-dexpedition","status":"publish","type":"page","link":"https:\/\/dmegawatch.com\/en\/polique-dexpedition\/","title":{"rendered":"Politique d&rsquo;exp\u00e9dition"},"content":{"rendered":"<div data-elementor-type=\"wp-page\" data-elementor-id=\"135\" class=\"elementor elementor-135\" data-elementor-post-type=\"page\">\n\t\t\t\t<div class=\"elementor-element elementor-element-af708ff e-flex e-con-boxed e-con e-parent\" data-id=\"af708ff\" data-element_type=\"container\" data-e-type=\"container\">\n\t\t\t\t\t<div class=\"e-con-inner\">\n\t\t\t\t<div class=\"elementor-element elementor-element-4376279 elementor-widget elementor-widget-heading\" data-id=\"4376279\" data-element_type=\"widget\" data-e-type=\"widget\" data-widget_type=\"heading.default\">\n\t\t\t\t<div class=\"elementor-widget-container\">\n\t\t\t\t\t<h2 class=\"elementor-heading-title elementor-size-default\">Politique d'exp\u00e9dition<\/h2>\t\t\t\t<\/div>\n\t\t\t\t<\/div>\n\t\t\t\t\t<\/div>\n\t\t\t\t<\/div>\n\t\t<div class=\"elementor-element elementor-element-d340c27 e-flex e-con-boxed e-con e-parent\" data-id=\"d340c27\" data-element_type=\"container\" data-e-type=\"container\">\n\t\t\t\t\t<div class=\"e-con-inner\">\n\t\t\t\t\t<\/div>\n\t\t\t\t<\/div>\n\t\t<div class=\"elementor-element elementor-element-7ec89be e-flex e-con-boxed e-con e-parent\" data-id=\"7ec89be\" data-element_type=\"container\" data-e-type=\"container\">\n\t\t\t\t\t<div class=\"e-con-inner\">\n\t\t\t\t<div class=\"elementor-element elementor-element-fdf929b elementor-widget elementor-widget-text-editor\" data-id=\"fdf929b\" data-element_type=\"widget\" data-e-type=\"widget\" data-widget_type=\"text-editor.default\">\n\t\t\t\t<div class=\"elementor-widget-container\">\n\t\t\t\t\t\t\t\t\t<p>D-megawatch couvrira le co\u00fbt pour l&rsquo;envoi international standard* (commandes de plus de 499 euros , dollar , chf ) Tous les pays ne sont pas \u00e9ligibles pour la livraison internationale gratuite.<\/p><p>Les options d&rsquo;exp\u00e9dition seront indiqu\u00e9es lors du paiement. Tous les prix sont en euro.<\/p><p>Le d\u00e9lai de livraison estim\u00e9 pour la livraison GRATUITE en Europe est de 7 \u00e0 10 jours ouvrable. Le d\u00e9lai de livraison estim\u00e9 pour la livraison internationale GRATUITE est de 14 \u00e0 28 jours ouvrable (selon votre pays).<\/p><p>\u00c9tant donn\u00e9 que les proc\u00e9dures et protocoles douaniers varient selon les pays, nos d\u00e9lais d&rsquo;exp\u00e9dition estim\u00e9s n&rsquo;incluent pas le temps qu&rsquo;il pourrait falloir pour passer votre agence douani\u00e8re.<\/p><p>Beaucoup de nos clients en dehors de l\u2019Europe rapportent peu ou pas de droits\/taxes dus \u00e0 la r\u00e9ception de leur envoi.<\/p><p>Chaque commande de montres de luxe pass\u00e9e sur notre site Web est exp\u00e9di\u00e9e directement depuis notre centre de stockage. Vous pouvez toujours compter sur nous pour une livraison en 3 \u00e0 5 jours, des retours sans tracas, des prix raisonnables et un service client ultra rapide.<\/p><p>Malheureusement, la livraison standard gratuite n&rsquo;est pas une option pour tous les lieux. Pour garantir une livraison s\u00e9curis\u00e9e dans certains pays, nous devons exp\u00e9dier via USPS Priority International Mail, UPS Expedited , DPD TNT ET D\u2019AUTRE TRANSPORTEUR EN FONCTION DE VOTRE EMPLACEMENT avec un suivi d\u00e9taill\u00e9 complet. Des frais d&rsquo;exp\u00e9dition nominaux pour ces pays avec des syst\u00e8mes postaux inad\u00e9quats seront indiqu\u00e9s lors du processus de paiement.<\/p><p>Une fois les articles exp\u00e9di\u00e9s, la responsabilit\u00e9 est couverte par les conditions du transporteur. Nous exp\u00e9dierons \u00e0 l&rsquo;adresse sp\u00e9cifi\u00e9e par le client. Si vous ne nous avez pas fourni une adresse pr\u00e9cise, ni D-MEGAWWATCH ni le transporteur ne peut \u00eatre tenu responsable de la perte d&rsquo;un article. Veuillez v\u00e9rifier votre adresse de livraison.<\/p><p>Tout dommage de livraison doit \u00eatre signal\u00e9 \u00e0 D-MEGAWATCH dans les 48 heures suivant la livraison, sinon il n&rsquo;est pas \u00e9ligible \u00e0 des r\u00e9clamations d&rsquo;assurance ou de remboursement.<\/p>\t\t\t\t\t\t\t\t<\/div>\n\t\t\t\t<\/div>\n\t\t\t\t\t<\/div>\n\t\t\t\t<\/div>\n\t\t\t\t<\/div>","protected":false},"excerpt":{"rendered":"<p>Politique d&rsquo;exp\u00e9dition D-megawatch couvrira le co\u00fbt pour l&rsquo;envoi international standard* (commandes de plus de 499 euros , dollar , chf ) Tous les pays ne sont pas \u00e9ligibles pour la livraison internationale gratuite. Les options d&rsquo;exp\u00e9dition seront indiqu\u00e9es lors du paiement. Tous les prix sont en euro. Le d\u00e9lai de livraison estim\u00e9 pour la livraison [&hellip;]<\/p>","protected":false},"author":1,"featured_media":0,"parent":0,"menu_order":0,"comment_status":"closed","ping_status":"closed","template":"","meta":{"footnotes":""},"class_list":["post-135","page","type-page","status-publish","hentry"],"jetpack_sharing_enabled":true,"_links":{"self":[{"href":"https:\/\/dmegawatch.com\/en\/wp-json\/wp\/v2\/pages\/135","targetHints":{"allow":["GET"]}}],"collection":[{"href":"https:\/\/dmegawatch.com\/en\/wp-json\/wp\/v2\/pages"}],"about":[{"href":"https:\/\/dmegawatch.com\/en\/wp-json\/wp\/v2\/types\/page"}],"author":[{"embeddable":true,"href":"https:\/\/dmegawatch.com\/en\/wp-json\/wp\/v2\/users\/1"}],"replies":[{"embeddable":true,"href":"https:\/\/dmegawatch.com\/en\/wp-json\/wp\/v2\/comments?post=135"}],"version-history":[{"count":5,"href":"https:\/\/dmegawatch.com\/en\/wp-json\/wp\/v2\/pages\/135\/revisions"}],"predecessor-version":[{"id":140,"href":"https:\/\/dmegawatch.com\/en\/wp-json\/wp\/v2\/pages\/135\/revisions\/140"}],"wp:attachment":[{"href":"https:\/\/dmegawatch.com\/en\/wp-json\/wp\/v2\/media?parent=135"}],"curies":[{"name":"wp","href":"https:\/\/api.w.org\/{rel}","templated":true}]}}